{"id":18,"date":"2015-08-06T17:14:31","date_gmt":"2015-08-06T15:14:31","guid":{"rendered":"http:\/\/heinzfeeser.de\/?page_id=18"},"modified":"2022-01-25T13:12:37","modified_gmt":"2022-01-25T11:12:37","slug":"touchlife","status":"publish","type":"page","link":"https:\/\/heinzfeeser.de\/?page_id=18","title":{"rendered":"TouchLife"},"content":{"rendered":"<p><div class=\"fusion-fullwidth fullwidth-box fusion-builder-row-1 nonhundred-percent-fullwidth non-hundred-percent-height-scrolling\" style=\"--awb-background-position:left top;--awb-border-radius-top-left:0px;--awb-border-radius-top-right:0px;--awb-border-radius-bottom-right:0px;--awb-border-radius-bottom-left:0px;--awb-padding-top:0px;--awb-padding-right:0px;--awb-padding-bottom:0px;--awb-padding-left:0px;--awb-border-sizes-top:0px;--awb-border-sizes-bottom:0px;\" ><div class=\"fusion-builder-row fusion-row\"><div class=\"fusion-layout-column fusion_builder_column fusion-builder-column-0 fusion_builder_column_1_1 1_1 fusion-one-full fusion-column-first fusion-column-last fusion-column-no-min-height\" style=\"--awb-bg-size:cover;--awb-margin-bottom:0px;\"><div class=\"fusion-column-wrapper fusion-flex-column-wrapper-legacy\"><div class=\"fusion-image-element in-legacy-container\" style=\"--awb-caption-title-size:var(--h2_typography-font-size);--awb-caption-title-transform:var(--h2_typography-text-transform);--awb-caption-title-line-height:var(--h2_typography-line-height);--awb-caption-title-letter-spacing:var(--h2_typography-letter-spacing);\"><span class=\" fusion-imageframe imageframe-none imageframe-1 hover-type-none head_image\"><img decoding=\"async\" src=\"http:\/\/heinzfeeser.de\/wp-content\/uploads\/2015\/10\/hf_slider_01-1024x433.jpg\" alt class=\"img-responsive\"\/><\/span><\/div><div class=\"fusion-clearfix\"><\/div><\/div><\/div><\/div><\/div><div class=\"fusion-fullwidth fullwidth-box fusion-builder-row-2 nonhundred-percent-fullwidth non-hundred-percent-height-scrolling\" style=\"--awb-background-position:left top;--awb-border-radius-top-left:0px;--awb-border-radius-top-right:0px;--awb-border-radius-bottom-right:0px;--awb-border-radius-bottom-left:0px;--awb-padding-top:20px;--awb-padding-right:0px;--awb-padding-bottom:20px;--awb-padding-left:0px;--awb-border-sizes-top:0px;--awb-border-sizes-bottom:0px;\" ><div class=\"fusion-builder-row fusion-row\"><div class=\"fusion-layout-column fusion_builder_column fusion-builder-column-1 fusion_builder_column_1_1 1_1 fusion-one-full fusion-column-first fusion-column-last fusion-column-no-min-height\" style=\"--awb-bg-size:cover;--awb-margin-bottom:0px;\"><div class=\"fusion-column-wrapper fusion-flex-column-wrapper-legacy\"><div class=\"fusion-sep-clear\"><\/div><div class=\"fusion-separator fusion-has-icon fusion-full-width-sep\" style=\"margin-left: auto;margin-right: auto;margin-bottom:50px;width:100%;\"><div class=\"fusion-separator-border sep-single sep-solid\" style=\"--awb-height:20px;--awb-amount:20px;--awb-sep-color:#7d878c;border-color:#7d878c;border-top-width:1px;\"><\/div><span class=\"icon-wrapper\" style=\"border-color:#7d878c;background-color:rgba(255,255,255,0);font-size:16px;width: 1.75em; height: 1.75em;border-width:1px;padding:1px;margin-top:-0.5px\"><i class=\" fa fa-chevron-down\" style=\"font-size: inherit;color:#7d878c;\" aria-hidden=\"true\"><\/i><\/span><div class=\"fusion-separator-border sep-single sep-solid\" style=\"--awb-height:20px;--awb-amount:20px;--awb-sep-color:#7d878c;border-color:#7d878c;border-top-width:1px;\"><\/div><\/div><div class=\"fusion-sep-clear\"><\/div><div class=\"fusion-clearfix\"><\/div><\/div><\/div><div class=\"fusion-layout-column fusion_builder_column fusion-builder-column-2 fusion_builder_column_1_1 1_1 fusion-one-full fusion-column-first fusion-column-last fusion-column-no-min-height\" style=\"--awb-bg-size:cover;--awb-margin-bottom:0px;\"><div class=\"fusion-column-wrapper fusion-flex-column-wrapper-legacy\"><div class=\"fusion-title title fusion-title-1 fusion-title-text fusion-title-size-one\" style=\"--awb-sep-color:#ffffff;\"><h1 class=\"title-heading-left\" style=\"margin:0;\">TouchLife \u2013 die einzige deutsche unter den sieben besten Wellnessmassagen*<\/h1><span class=\"awb-title-spacer\"><\/span><div class=\"title-sep-container\"><div class=\"title-sep sep-single sep-solid\" style=\"border-color:#ffffff;\"><\/div><\/div><\/div><div class=\"fusion-text fusion-text-1\"><p>TouchLife &#8211; das ist Ber\u00fchrung, die unter die Haut geht. TouchLife ist die Wohlbefindensmassage, deren Motto &#8222;Bewusstheit f\u00fcr K\u00f6rper und Geist&#8220; sich in allen Anwendungen widerspiegelt. Diese Methode vebindet seit 20 Jahren ganzheitliches Verst\u00e4ndnis vom Menschen mit der Kunst der achtsamen Ber\u00fchrung.<\/p>\n<p>Jeder Mensch ist einzigartig. Und deshalb ist auch TouchLife Massage immer anders \u2013 eine dynamische und individuelle Komposition aus einem breiten Spektrum an Techniken und Griffen. Die TouchLife-Methode ruht auf diesen f\u00fcnf Pfeilern:<\/p>\n<h3>Massagetechniken<\/h3>\n<p>Zum Grundrepertoire geh\u00f6ren \u00fcber einhundert Massagegriffe, Akupressur- und Lockerungstechniken, die es in dieser einmalig harmonischen Abstimmung nur bei TouchLife gibt. Grunds\u00e4tzlich kann zwischen einer ruhigen, sanften Massage und einer dynamischen, druckfesteren Massage gew\u00e4hlt werden.<\/p>\n<h3>Gespr\u00e4ch<\/h3>\n<p>Die zwischenmenschliche Ber\u00fchrung im Sinne von TouchLife ist intensiv und tiefgehend. Deshalb steht vor jeder Massage ein ausf\u00fchrliches Gespr\u00e4ch, in dem sich der Praktiker auf das Wesen und die Bed\u00fcrfnisse des Klienten einstellen kann. Aus diesem Gespr\u00e4ch ergibt sich eine gezielte Konzentration auf einzelne, besonders belastete K\u00f6rpersegmente oder anspruchsvolle Massagekombinationen. Am Ende jeder Sitzung steht ein weiteres Gespr\u00e4ch an, das Raum f\u00fcr Reflexionen bietet.<\/p>\n<h3>Energieausgleich<\/h3>\n<p>Der menschliche Organismus hat eine energetische Dimension. Energie durchstr\u00f6mt und umgibt den K\u00f6rper. Doch wie alles Flie\u00dfende kann auch Energie ins Ungleichgewicht geraten und Blockaden erzeugen. TouchLife spricht das Energiefeld direkt an und bewirkt einen Energieausgleich. Diese Energetisierung geht oftmals Hand in Hand mit einem bewussten Geisteszustand und tiefer Entspannung.<\/p>\n<h3>Atem<\/h3>\n<p>Der Atem ist der Rhythmus der Seele. Um einen befreiten Atemfluss und das innere Loslassen zu beg\u00fcnstigen, passen sich die Massagegriffe vom Druck und Tempo her dem Atemrhythmus des Empfangenden an.<\/p>\n<h3>Achtsamkeit<\/h3>\n<p>F\u00fcr die Dauer der TouchLife Massage widmen die TouchLife Praktiker dem Klienten ihre ganze Aufmerksamkeit. Diese konzentrierte Einf\u00fchlsamkeit wird in der TouchLife-Ausbildung gezielt geschult. Durch sie gewinnen auch alle Techniken eine besondere Intensit\u00e4t und Verfeinerung.<\/p>\n<p>Der Genuss dauert einschlie\u00dflich Vor- und Nachgespr\u00e4ch 90 Minuten. TouchLife wird exklusiv an sieben Schulen in Deutschland, \u00d6sterreich und der Schweiz unterrichet. Begr\u00fcndet wurde die Methode 1989 von den Massage-Lehrern Frank B. Leder und Kali S. Gr\u00e4fin von Kalckreuth.<\/p>\n<h3>Auszeichnungen*<\/h3>\n<p>Bereits im September 2003 platzierte ein Vergleichstest des Magazins \u201eFreundin\u201c TouchLife Massage als einzige deutsche unter den sieben besten Methoden an die Spitze. Die Ausbildung tr\u00e4gt als \u201equalitativ hochwertig\u201c eingestufte Schulung das Qualit\u00e4tssiegel der Deutschen Gesellschaft f\u00fcr Ganzheitliche Therapie, Beratung und Pr\u00e4vention. Seit Dezember 2007 geh\u00f6rt TouchLife lt. Auskunft des Deutschen Markenlexikons zu den 1500 bedeutsamsten, in Deutschland vertretenen Marken.<\/p>\n<\/div><div class=\"fusion-clearfix\"><\/div><\/div><\/div><\/div><\/div><\/p>\n","protected":false},"excerpt":{"rendered":"","protected":false},"author":1,"featured_media":0,"parent":0,"menu_order":0,"comment_status":"open","ping_status":"open","template":"","meta":[],"_links":{"self":[{"href":"https:\/\/heinzfeeser.de\/index.php?rest_route=\/wp\/v2\/pages\/18"}],"collection":[{"href":"https:\/\/heinzfeeser.de\/index.php?rest_route=\/wp\/v2\/pages"}],"about":[{"href":"https:\/\/heinzfeeser.de\/index.php?rest_route=\/wp\/v2\/types\/page"}],"author":[{"embeddable":true,"href":"https:\/\/heinzfeeser.de\/index.php?rest_route=\/wp\/v2\/users\/1"}],"replies":[{"embeddable":true,"href":"https:\/\/heinzfeeser.de\/index.php?rest_route=%2Fwp%2Fv2%2Fcomments&post=18"}],"version-history":[{"count":10,"href":"https:\/\/heinzfeeser.de\/index.php?rest_route=\/wp\/v2\/pages\/18\/revisions"}],"predecessor-version":[{"id":327,"href":"https:\/\/heinzfeeser.de\/index.php?rest_route=\/wp\/v2\/pages\/18\/revisions\/327"}],"wp:attachment":[{"href":"https:\/\/heinzfeeser.de\/index.php?rest_route=%2Fwp%2Fv2%2Fmedia&parent=18"}],"curies":[{"name":"wp","href":"https:\/\/api.w.org\/{rel}","templated":true}]}}