{"id":20,"date":"2015-08-06T17:14:40","date_gmt":"2015-08-06T15:14:40","guid":{"rendered":"http:\/\/heinzfeeser.de\/?page_id=20"},"modified":"2022-02-07T11:07:54","modified_gmt":"2022-02-07T09:07:54","slug":"angebot","status":"publish","type":"page","link":"https:\/\/heinzfeeser.de\/?page_id=20","title":{"rendered":"Angebot"},"content":{"rendered":"<p><div class=\"fusion-fullwidth fullwidth-box fusion-builder-row-1 nonhundred-percent-fullwidth non-hundred-percent-height-scrolling\" style=\"--awb-background-position:left top;--awb-border-sizes-top:0px;--awb-border-sizes-bottom:0px;--awb-border-sizes-left:0px;--awb-border-sizes-right:0px;--awb-border-radius-top-left:0px;--awb-border-radius-top-right:0px;--awb-border-radius-bottom-right:0px;--awb-border-radius-bottom-left:0px;--awb-padding-top:0px;--awb-padding-right:0px;--awb-padding-bottom:0px;--awb-padding-left:0px;\" ><div class=\"fusion-builder-row fusion-row\"><div class=\"fusion-layout-column fusion_builder_column fusion-builder-column-0 fusion_builder_column_1_1 1_1 fusion-one-full fusion-column-first fusion-column-last fusion-column-no-min-height\" style=\"--awb-bg-size:cover;--awb-margin-bottom:0px;\"><div class=\"fusion-column-wrapper fusion-flex-column-wrapper-legacy\"><div class=\"fusion-image-element in-legacy-container\" style=\"--awb-caption-title-size:var(--h2_typography-font-size);--awb-caption-title-transform:var(--h2_typography-text-transform);--awb-caption-title-line-height:var(--h2_typography-line-height);--awb-caption-title-letter-spacing:var(--h2_typography-letter-spacing);\"><span class=\" fusion-imageframe imageframe-none imageframe-1 hover-type-none head_image\"><img decoding=\"async\" src=\"http:\/\/heinzfeeser.de\/wp-content\/uploads\/2015\/10\/hf_slider_02-1024x433.jpg\" alt class=\"img-responsive\"\/><\/span><\/div><div class=\"fusion-clearfix\"><\/div><\/div><\/div><\/div><\/div><div class=\"fusion-fullwidth fullwidth-box fusion-builder-row-2 nonhundred-percent-fullwidth non-hundred-percent-height-scrolling\" style=\"--awb-background-position:left top;--awb-border-sizes-top:0px;--awb-border-sizes-bottom:0px;--awb-border-sizes-left:0px;--awb-border-sizes-right:0px;--awb-border-radius-top-left:0px;--awb-border-radius-top-right:0px;--awb-border-radius-bottom-right:0px;--awb-border-radius-bottom-left:0px;--awb-padding-top:20px;--awb-padding-right:0px;--awb-padding-bottom:20px;--awb-padding-left:0px;\" ><div class=\"fusion-builder-row fusion-row\"><div class=\"fusion-layout-column fusion_builder_column fusion-builder-column-1 fusion_builder_column_1_1 1_1 fusion-one-full fusion-column-first fusion-column-last fusion-column-no-min-height\" style=\"--awb-bg-size:cover;--awb-margin-bottom:0px;\"><div class=\"fusion-column-wrapper fusion-flex-column-wrapper-legacy\"><div class=\"fusion-sep-clear\"><\/div><div class=\"fusion-separator fusion-has-icon fusion-full-width-sep\" style=\"margin-left: auto;margin-right: auto;margin-bottom:50px;width:100%;\"><div class=\"fusion-separator-border sep-single sep-solid\" style=\"--awb-height:20px;--awb-amount:20px;--awb-sep-color:#7d878c;border-color:#7d878c;border-top-width:1px;\"><\/div><span class=\"icon-wrapper\" style=\"border-color:#7d878c;background-color:rgba(255,255,255,0);font-size:16px;width: 1.75em; height: 1.75em;border-width:1px;padding:1px;margin-top:-0.5px\"><i class=\" fa fa-chevron-down\" style=\"font-size: inherit;color:#7d878c;\" aria-hidden=\"true\"><\/i><\/span><div class=\"fusion-separator-border sep-single sep-solid\" style=\"--awb-height:20px;--awb-amount:20px;--awb-sep-color:#7d878c;border-color:#7d878c;border-top-width:1px;\"><\/div><\/div><div class=\"fusion-sep-clear\"><\/div><div class=\"fusion-clearfix\"><\/div><\/div><\/div><div class=\"fusion-layout-column fusion_builder_column fusion-builder-column-2 fusion_builder_column_1_1 1_1 fusion-one-full fusion-column-first fusion-column-last fusion-column-no-min-height\" style=\"--awb-bg-size:cover;--awb-margin-bottom:0px;\"><div class=\"fusion-column-wrapper fusion-flex-column-wrapper-legacy\"><div class=\"fusion-title title fusion-title-1 fusion-title-text fusion-title-size-one\" style=\"--awb-sep-color:#ffffff;\"><h1 class=\"title-heading-left\" style=\"margin:0;\">Mein Angebot<\/h1><span class=\"awb-title-spacer\"><\/span><div class=\"title-sep-container\"><div class=\"title-sep sep-single sep-solid\" style=\"border-color:#ffffff;\"><\/div><\/div><\/div><div class=\"fusion-clearfix\"><\/div><\/div><\/div><div class=\"fusion-layout-column fusion_builder_column fusion-builder-column-3 fusion_builder_column_1_2 1_2 fusion-one-half fusion-column-first\" style=\"--awb-bg-size:cover;width:48%; margin-right: 4%;\"><div class=\"fusion-column-wrapper fusion-flex-column-wrapper-legacy\"><div class=\"fusion-text fusion-text-1\"><p>Eine TouchLife Massage, die 90 Minuten dauert, kostet bei mir<span class=\"nowrap\"> 80,00 Euro.<\/span><\/p>\n<p>Diese beinhaltet:<br \/>\nVorgespr\u00e4ch: 10 Minuten<br \/>\nMassage: 60 Minuten<br \/>\nNachruhe: 10 Minuten<br \/>\nNachgespr\u00e4ch: 10 Minuten<\/p>\n<p>Bei unserem ersten Kennenlernen solltest Du 20 Minuten f\u00fcr das Erstgepr\u00e4ch einplanen.<\/p>\n<p>In diesem Gespr\u00e4ch steht das Kennenlernen Deiner Bed\u00fcrfnisse im Vordergrund und ob es eventuelle Kontraindikationen gibt, auf die ich w\u00e4hrend der Massage achten muss.<\/p>\n<p>Im Vorgespr\u00e4ch, welches vor jeder Massage stattfindet, finden wir gemeinsam heraus, welche K\u00f6rperregionen heute massiert werden sollen.<\/p>\n<\/div><div class=\"fusion-clearfix\"><\/div><\/div><\/div><div class=\"fusion-layout-column fusion_builder_column fusion-builder-column-4 fusion_builder_column_1_2 1_2 fusion-one-half fusion-column-last\" style=\"--awb-bg-size:cover;width:48%;\"><div class=\"fusion-column-wrapper fusion-flex-column-wrapper-legacy\"><div class=\"fusion-text fusion-text-2\"><p>Folgende Massagegebiete k\u00f6nnen jeweils 1 Stunde ausschlie\u00dflich oder in Kombination massiert werden:<\/p>\n<p>Schulter &#8211;\u00a0Nacken<br \/>\nR\u00fccken<br \/>\nArme<br \/>\nBeine Vorderseite<br \/>\nBeine R\u00fcckseite<br \/>\nF\u00fc\u00dfe<br \/>\nKopf &#8211;\u00a0Gesicht<br \/>\nBauch &#8211;\u00a0Brustkorb<br \/>\nGanzk\u00f6rpermassage<\/p>\n<p>Ich massiere ausschlie\u00dflich mit \u201eGl\u00fccksgriffe Bio Massage\u00f6len\u201c; ohne chemische Zus\u00e4tze, Stabilisatoren und Emulgatoren. Naturkosmetik konsequent ohne Tierversuche.<\/p>\n<\/div><div class=\"fusion-clearfix\"><\/div><\/div><\/div><div class=\"fusion-layout-column fusion_builder_column fusion-builder-column-5 fusion_builder_column_1_2 1_2 fusion-one-half fusion-column-first\" style=\"--awb-bg-size:cover;width:48%; margin-right: 4%;\"><div class=\"fusion-column-wrapper fusion-flex-column-wrapper-legacy\"><div class=\"fusion-image-element fusion-image-align-center in-legacy-container\" style=\"text-align:center;--awb-caption-title-size:var(--h2_typography-font-size);--awb-caption-title-transform:var(--h2_typography-text-transform);--awb-caption-title-line-height:var(--h2_typography-line-height);--awb-caption-title-letter-spacing:var(--h2_typography-letter-spacing);\"><div class=\"imageframe-align-center\"><span class=\" fusion-imageframe imageframe-none imageframe-2 hover-type-none\"><img decoding=\"async\" width=\"300\" height=\"240\" title=\"Mr-T-Zertifikate-f-Webseite (4) (1) (1)\" src=\"http:\/\/heinzfeeser.de\/wp-content\/uploads\/2022\/02\/Mr-T-Zertifikate-f-Webseite-4-1-1-300x240.png\" alt class=\"img-responsive wp-image-333\" srcset=\"https:\/\/heinzfeeser.de\/wp-content\/uploads\/2022\/02\/Mr-T-Zertifikate-f-Webseite-4-1-1-200x160.png 200w, https:\/\/heinzfeeser.de\/wp-content\/uploads\/2022\/02\/Mr-T-Zertifikate-f-Webseite-4-1-1-400x320.png 400w, https:\/\/heinzfeeser.de\/wp-content\/uploads\/2022\/02\/Mr-T-Zertifikate-f-Webseite-4-1-1-600x480.png 600w, https:\/\/heinzfeeser.de\/wp-content\/uploads\/2022\/02\/Mr-T-Zertifikate-f-Webseite-4-1-1.png 800w\" sizes=\"(max-width: 800px) 100vw, 300px\" \/><\/span><\/div><\/div><div class=\"fusion-clearfix\"><\/div><\/div><\/div><div class=\"fusion-layout-column fusion_builder_column fusion-builder-column-6 fusion_builder_column_1_2 1_2 fusion-one-half fusion-column-last\" style=\"--awb-bg-size:cover;width:48%;\"><div class=\"fusion-column-wrapper fusion-flex-column-wrapper-legacy\"><div class=\"fusion-image-element fusion-image-align-left in-legacy-container\" style=\"text-align:left;--awb-caption-title-size:var(--h2_typography-font-size);--awb-caption-title-transform:var(--h2_typography-text-transform);--awb-caption-title-line-height:var(--h2_typography-line-height);--awb-caption-title-letter-spacing:var(--h2_typography-letter-spacing);\"><span class=\" fusion-imageframe imageframe-none imageframe-3 hover-type-none\" style=\"margin-right:25px;float:left;\"><img decoding=\"async\" src=\"http:\/\/heinzfeeser.de\/wp-content\/uploads\/2015\/08\/hf_liege-680x1024.jpg\" alt class=\"img-responsive\"\/><\/span><\/div><div class=\"fusion-clearfix\"><\/div><\/div><\/div><\/div><\/div><\/p>\n","protected":false},"excerpt":{"rendered":"","protected":false},"author":1,"featured_media":0,"parent":0,"menu_order":0,"comment_status":"open","ping_status":"open","template":"","meta":[],"_links":{"self":[{"href":"https:\/\/heinzfeeser.de\/index.php?rest_route=\/wp\/v2\/pages\/20"}],"collection":[{"href":"https:\/\/heinzfeeser.de\/index.php?rest_route=\/wp\/v2\/pages"}],"about":[{"href":"https:\/\/heinzfeeser.de\/index.php?rest_route=\/wp\/v2\/types\/page"}],"author":[{"embeddable":true,"href":"https:\/\/heinzfeeser.de\/index.php?rest_route=\/wp\/v2\/users\/1"}],"replies":[{"embeddable":true,"href":"https:\/\/heinzfeeser.de\/index.php?rest_route=%2Fwp%2Fv2%2Fcomments&post=20"}],"version-history":[{"count":10,"href":"https:\/\/heinzfeeser.de\/index.php?rest_route=\/wp\/v2\/pages\/20\/revisions"}],"predecessor-version":[{"id":336,"href":"https:\/\/heinzfeeser.de\/index.php?rest_route=\/wp\/v2\/pages\/20\/revisions\/336"}],"wp:attachment":[{"href":"https:\/\/heinzfeeser.de\/index.php?rest_route=%2Fwp%2Fv2%2Fmedia&parent=20"}],"curies":[{"name":"wp","href":"https:\/\/api.w.org\/{rel}","templated":true}]}}