{"id":5,"date":"2015-08-06T17:02:31","date_gmt":"2015-08-06T15:02:31","guid":{"rendered":"http:\/\/heinzfeeser.de\/?page_id=5"},"modified":"2022-01-25T13:12:37","modified_gmt":"2022-01-25T11:12:37","slug":"startseite","status":"publish","type":"page","link":"https:\/\/heinzfeeser.de\/","title":{"rendered":"Startseite"},"content":{"rendered":"<p><div class=\"fusion-fullwidth fullwidth-box fusion-builder-row-1 nonhundred-percent-fullwidth non-hundred-percent-height-scrolling\" style=\"--awb-background-position:left top;--awb-border-radius-top-left:0px;--awb-border-radius-top-right:0px;--awb-border-radius-bottom-right:0px;--awb-border-radius-bottom-left:0px;--awb-padding-top:20px;--awb-padding-right:0px;--awb-padding-bottom:20px;--awb-padding-left:0px;--awb-border-sizes-top:0px;--awb-border-sizes-bottom:0px;\" ><div class=\"fusion-builder-row fusion-row\"><div class=\"fusion-layout-column fusion_builder_column fusion-builder-column-0 fusion_builder_column_1_1 1_1 fusion-one-full fusion-column-first fusion-column-last fusion-column-no-min-height\" style=\"--awb-bg-size:cover;--awb-margin-bottom:0px;\"><div class=\"fusion-column-wrapper fusion-flex-column-wrapper-legacy\"><div class=\"fusion-image-element fusion-image-align-center in-legacy-container\" style=\"text-align:center;--awb-caption-title-size:var(--h2_typography-font-size);--awb-caption-title-transform:var(--h2_typography-text-transform);--awb-caption-title-line-height:var(--h2_typography-line-height);--awb-caption-title-letter-spacing:var(--h2_typography-letter-spacing);\"><div class=\"imageframe-align-center\"><span class=\" fusion-imageframe imageframe-none imageframe-1 hover-type-none head_image\"><img decoding=\"async\" src=\"http:\/\/heinzfeeser.de\/wp-content\/uploads\/2015\/10\/hf_slider_01-1024x433.jpg\" alt class=\"img-responsive\"\/><\/span><\/div><\/div><div class=\"fusion-text fusion-text-1\"><div id=\"start_h1\">\n<h1 style=\"text-align: center;\">\u00bbEin Herz muss H\u00e4nde haben, H\u00e4nde m\u00fcssen ein Herz haben.\u00ab<\/h1>\n<h2 style=\"text-align: center;\">tibetisches Sprichwort<\/h2>\n<\/div>\n<\/div><div class=\"fusion-sep-clear\"><\/div><div class=\"fusion-separator fusion-has-icon fusion-full-width-sep\" style=\"margin-left: auto;margin-right: auto;width:100%;\"><div class=\"fusion-separator-border sep-single sep-solid\" style=\"--awb-height:20px;--awb-amount:20px;--awb-sep-color:#7d878c;border-color:#7d878c;border-top-width:1px;\"><\/div><span class=\"icon-wrapper\" style=\"border-color:#7d878c;background-color:rgba(255,255,255,0);font-size:16px;width: 1.75em; height: 1.75em;border-width:1px;padding:1px;margin-top:-0.5px\"><i class=\" fa fa-chevron-down\" style=\"font-size: inherit;color:#7d878c;\" aria-hidden=\"true\"><\/i><\/span><div class=\"fusion-separator-border sep-single sep-solid\" style=\"--awb-height:20px;--awb-amount:20px;--awb-sep-color:#7d878c;border-color:#7d878c;border-top-width:1px;\"><\/div><\/div><div class=\"fusion-sep-clear\"><\/div><div class=\"fusion-clearfix\"><\/div><\/div><\/div><\/div><\/div><div class=\"fusion-fullwidth fullwidth-box fusion-builder-row-2 nonhundred-percent-fullwidth non-hundred-percent-height-scrolling\" style=\"--awb-background-position:left top;--awb-border-radius-top-left:0px;--awb-border-radius-top-right:0px;--awb-border-radius-bottom-right:0px;--awb-border-radius-bottom-left:0px;--awb-padding-top:20px;--awb-padding-right:0px;--awb-padding-bottom:20px;--awb-padding-left:0px;--awb-border-sizes-top:0px;--awb-border-sizes-bottom:0px;\" ><div class=\"fusion-builder-row fusion-row\"><div class=\"fusion-layout-column fusion_builder_column fusion-builder-column-1 fusion_builder_column_1_2 1_2 fusion-one-half fusion-column-first hand_box\" style=\"--awb-bg-size:cover;width:48%; margin-right: 4%;\"><div class=\"fusion-column-wrapper fusion-flex-column-wrapper-legacy\"><div class=\"fusion-text fusion-text-2\"><p style=\"text-align: center;\"><img decoding=\"async\" class=\"alignnone size-full wp-image-55\" src=\"http:\/\/heinzfeeser.de\/wp-content\/uploads\/2015\/08\/hf-logo_40x40.png\" alt=\"hf-logo_40x40\" width=\"40\" height=\"40\" \/><\/p>\n<h2 style=\"text-align: center;\">Die 5 Pfeiler<\/h2>\n<p style=\"text-align: center;\">Jeder Mensch ist einzigartig. Und deshalb ist auch TouchLife Massage immer anders \u2013 eine dynamische und individuelle Komposition aus einem breiten Spektrum an Techniken und Griffen. Die TouchLife-Methode ruht auf diesen f\u00fcnf Pfeilern: \u2026 <a href=\"http:\/\/heinzfeeser.de\/?page_id=18\">mehr<\/a><\/p>\n<\/div><div class=\"fusion-clearfix\"><\/div><\/div><\/div><div class=\"fusion-layout-column fusion_builder_column fusion-builder-column-2 fusion_builder_column_1_2 1_2 fusion-one-half fusion-column-last hand_box\" style=\"--awb-bg-color:#f2f3f3;--awb-bg-size:cover;width:48%;\"><div class=\"fusion-column-wrapper fusion-flex-column-wrapper-legacy\"><div class=\"fusion-text fusion-text-3\"><p style=\"text-align: center;\"><img decoding=\"async\" class=\"alignnone size-full wp-image-55\" src=\"http:\/\/heinzfeeser.de\/wp-content\/uploads\/2015\/08\/hf-logo_40x40.png\" alt=\"hf-logo_40x40\" width=\"40\" height=\"40\" \/><\/p>\n<h2 style=\"text-align: center;\">Kundenstimmen<\/h2>\n<p style=\"text-align: center;\">Das war meine erste Massage in meinem Leben und ich habe es total genossen.<\/p>\n<p style=\"text-align: center;\">Simone K. (R\u00fcckenmassage)<br \/>\n\u2026 <a href=\"http:\/\/heinzfeeser.de\/?page_id=170\">mehr<\/a><\/p>\n<\/div><div class=\"fusion-clearfix\"><\/div><\/div><\/div><div class=\"fusion-layout-column fusion_builder_column fusion-builder-column-3 fusion_builder_column_1_2 1_2 fusion-one-half fusion-column-first hand_box\" style=\"--awb-bg-color:#f2f3f3;--awb-bg-size:cover;width:48%; margin-right: 4%;\"><div class=\"fusion-column-wrapper fusion-flex-column-wrapper-legacy\"><div class=\"fusion-text fusion-text-4\"><p style=\"text-align: center;\"><img decoding=\"async\" class=\"alignnone size-full wp-image-55\" src=\"http:\/\/heinzfeeser.de\/wp-content\/uploads\/2015\/08\/hf-logo_40x40.png\" alt=\"hf-logo_40x40\" width=\"40\" height=\"40\" \/><\/p>\n<h2 style=\"text-align: center;\">Gutschein f\u00fcr eine Massage<\/h2>\n<p style=\"text-align: center;\">Entspannung und Wohlbefinden f\u00fcr K\u00f6rper und Geist unter fachkundigen H\u00e4nden mit der Touch-Life Massage.<br \/>\nSchenken Sie Entspannung pur mit einem Massage-Gutschein<br \/>\n\u2026 <a href=\"http:\/\/heinzfeeser.de\/?page_id=179\">mehr<\/a><\/p>\n<\/div><div class=\"fusion-clearfix\"><\/div><\/div><\/div><div class=\"fusion-layout-column fusion_builder_column fusion-builder-column-4 fusion_builder_column_1_2 1_2 fusion-one-half fusion-column-last hand_box\" style=\"--awb-bg-color:#f2f3f3;--awb-bg-size:cover;width:48%;\"><div class=\"fusion-column-wrapper fusion-flex-column-wrapper-legacy\"><div class=\"fusion-text fusion-text-5\"><p style=\"text-align: center;\"><img decoding=\"async\" class=\"alignnone size-full wp-image-55\" src=\"http:\/\/heinzfeeser.de\/wp-content\/uploads\/2015\/08\/hf-logo_40x40.png\" alt=\"hf-logo_40x40\" width=\"40\" height=\"40\" \/><\/p>\n<h2 style=\"text-align: center;\">Links<\/h2>\n<p style=\"text-align: center;\">Hier finden Sie interessante Links<br \/>\nrund um das Thema Massage und zu Partnerunternehmen<br \/>\n\u2026 <a href=\"http:\/\/heinzfeeser.de\/?page_id=176\">mehr<\/a><\/p>\n<\/div><div class=\"fusion-clearfix\"><\/div><\/div><\/div><\/div><\/div><\/p>\n","protected":false},"excerpt":{"rendered":"","protected":false},"author":1,"featured_media":0,"parent":0,"menu_order":0,"comment_status":"open","ping_status":"open","template":"","meta":[],"_links":{"self":[{"href":"https:\/\/heinzfeeser.de\/index.php?rest_route=\/wp\/v2\/pages\/5"}],"collection":[{"href":"https:\/\/heinzfeeser.de\/index.php?rest_route=\/wp\/v2\/pages"}],"about":[{"href":"https:\/\/heinzfeeser.de\/index.php?rest_route=\/wp\/v2\/types\/page"}],"author":[{"embeddable":true,"href":"https:\/\/heinzfeeser.de\/index.php?rest_route=\/wp\/v2\/users\/1"}],"replies":[{"embeddable":true,"href":"https:\/\/heinzfeeser.de\/index.php?rest_route=%2Fwp%2Fv2%2Fcomments&post=5"}],"version-history":[{"count":11,"href":"https:\/\/heinzfeeser.de\/index.php?rest_route=\/wp\/v2\/pages\/5\/revisions"}],"predecessor-version":[{"id":329,"href":"https:\/\/heinzfeeser.de\/index.php?rest_route=\/wp\/v2\/pages\/5\/revisions\/329"}],"wp:attachment":[{"href":"https:\/\/heinzfeeser.de\/index.php?rest_route=%2Fwp%2Fv2%2Fmedia&parent=5"}],"curies":[{"name":"wp","href":"https:\/\/api.w.org\/{rel}","templated":true}]}}